{"id":5,"date":"2021-10-13T20:00:57","date_gmt":"2021-10-13T20:00:57","guid":{"rendered":"http:\/\/www.soc-nord.dk\/?page_id=5"},"modified":"2026-02-11T11:26:42","modified_gmt":"2026-02-11T11:26:42","slug":"lav-dit-website-ved-hjaelp-af-blokke","status":"publish","type":"page","link":"https:\/\/www.soc-nord.dk\/","title":{"rendered":"Folketingsvalg"},"content":{"rendered":"\n<h2 class=\"wp-block-heading\">Ny folketingskandidat i Frederikshavn Kreds<\/h2>\n\n\n\n<p>Efter 30 \u00e5r som Frederikshavnkredsens mand p\u00e5 Christiansborg, takker Bjarne Laustsen af for at hellige sig familien og byr\u00e5dsarbejdet i Rebild Kommune. Ny folketingskandidat i Frederikshavnkredsen er Peder Key Kristiansen fra Skagen. L\u00e6s mere om Peder herunder.<\/p>\n\n\n\n<figure class=\"wp-block-image size-large\"><img loading=\"lazy\" decoding=\"async\" width=\"768\" height=\"1024\" src=\"http:\/\/www.soc-nord.dk\/wp-content\/uploads\/2026\/02\/BjarnePeder1-768x1024.jpg\" alt=\"\" class=\"wp-image-76\" srcset=\"https:\/\/www.soc-nord.dk\/wp-content\/uploads\/2026\/02\/BjarnePeder1-768x1024.jpg 768w, https:\/\/www.soc-nord.dk\/wp-content\/uploads\/2026\/02\/BjarnePeder1-225x300.jpg 225w, https:\/\/www.soc-nord.dk\/wp-content\/uploads\/2026\/02\/BjarnePeder1-1152x1536.jpg 1152w, https:\/\/www.soc-nord.dk\/wp-content\/uploads\/2026\/02\/BjarnePeder1-1536x2048.jpg 1536w, https:\/\/www.soc-nord.dk\/wp-content\/uploads\/2026\/02\/BjarnePeder1-1568x2091.jpg 1568w, https:\/\/www.soc-nord.dk\/wp-content\/uploads\/2026\/02\/BjarnePeder1-scaled.jpg 1920w\" sizes=\"auto, (max-width: 768px) 100vw, 768px\" \/><\/figure>\n\n\n\n<p><\/p>\n\n\n\n<h3 class=\"wp-block-heading has-text-align-center\"><strong><span style=\"color:#f04d46\" class=\"has-inline-color\">STEM LOKALT &#8211; STEM PERSONLIGT<\/span><\/strong><\/h3>\n\n\n<div class=\"wp-block-image\">\n<figure class=\"aligncenter size-full is-resized\"><img loading=\"lazy\" decoding=\"async\" width=\"273\" height=\"273\" src=\"http:\/\/www.soc-nord.dk\/wp-content\/uploads\/2021\/10\/A-cirkel_rgb.png\" alt=\"\" class=\"wp-image-10\" style=\"width:93px;height:93px\" srcset=\"https:\/\/www.soc-nord.dk\/wp-content\/uploads\/2021\/10\/A-cirkel_rgb.png 273w, https:\/\/www.soc-nord.dk\/wp-content\/uploads\/2021\/10\/A-cirkel_rgb-150x150.png 150w\" sizes=\"auto, (max-width: 273px) 100vw, 273px\" \/><\/figure>\n<\/div>\n\n\n<div style=\"height:50px\" aria-hidden=\"true\" class=\"wp-block-spacer\"><\/div>\n\n\n\n<h2 class=\"wp-block-heading alignfull has-text-align-center\"><strong>DET VIL JEG ARBEJDE FOR<\/strong><\/h2>\n\n\n\n<div class=\"wp-block-columns alignwide are-vertically-aligned-center is-style-twentytwentyone-columns-overlap has-text-color has-background is-layout-flex wp-container-core-columns-is-layout-9d6595d7 wp-block-columns-is-layout-flex\" style=\"color:#d6dace;background-color:#32373e\">\n<div class=\"wp-block-column is-vertically-aligned-center is-layout-flow wp-block-column-is-layout-flow\">\n<div class=\"wp-block-media-text alignwide is-stacked-on-mobile\" style=\"grid-template-columns:37% auto\"><figure class=\"wp-block-media-text__media\"><img loading=\"lazy\" decoding=\"async\" width=\"300\" height=\"300\" src=\"http:\/\/www.soc-nord.dk\/wp-content\/uploads\/2026\/02\/PEDER_K_KRISTIANSEN_300x300px.png\" alt=\"\" class=\"wp-image-80 size-full\" srcset=\"https:\/\/www.soc-nord.dk\/wp-content\/uploads\/2026\/02\/PEDER_K_KRISTIANSEN_300x300px.png 300w, https:\/\/www.soc-nord.dk\/wp-content\/uploads\/2026\/02\/PEDER_K_KRISTIANSEN_300x300px-150x150.png 150w\" sizes=\"auto, (max-width: 300px) 100vw, 300px\" \/><\/figure><div class=\"wp-block-media-text__content\">\n<p><strong>Peder Key Kristiansen<\/strong>, 54 \u00e5r, direkt\u00f8r, bosat i Skagen<br><br>Hvorfor stiller jeg op?<br><em>&#8220;Jeg stiller op som folketingskandidat, fordi jeg efter 4 \u00e5r i Regionen som formand for Regional Udvikling fortsat gerne vil v\u00e6re med til at s\u00e6tte mit pr\u00e6g p\u00e5 udviklingen i Nordjylland \u2013 og sikre en t\u00e6ttere og mere reel dialog mellem vores lokalomr\u00e5de og Christiansborg. Beslutninger truffet nationalt skal give mening lokalt, og den sammenh\u00e6ng vil jeg arbejde for at styrke&#8221;.<\/em><\/p>\n\n\n\n<p>F\u00f8lg mig p\u00e5 <a href=\"https:\/\/www.facebook.com\/peder.key.kristiansen\" target=\"_blank\" rel=\"noreferrer noopener\">Facebook<\/a><\/p>\n<\/div><\/div>\n<\/div>\n<\/div>\n","protected":false},"excerpt":{"rendered":"<p>Ny folketingskandidat i Frederikshavn Kreds Efter 30 \u00e5r som Frederikshavnkredsens mand p\u00e5 Christiansborg, takker Bjarne Laustsen af for at hellige sig familien og byr\u00e5dsarbejdet i Rebild Kommune. Ny folketingskandidat i Frederikshavnkredsen er Peder Key Kristiansen fra Skagen. L\u00e6s mere om Peder herunder. STEM LOKALT &#8211; STEM PERSONLIGT DET VIL JEG ARBEJDE FOR Peder Key Kristiansen,&hellip; <a class=\"more-link\" href=\"https:\/\/www.soc-nord.dk\/\">L\u00e6s mere <span class=\"screen-reader-text\">Folketingsvalg<\/span><\/a><\/p>\n","protected":false},"author":1,"featured_media":0,"parent":0,"menu_order":0,"comment_status":"closed","ping_status":"closed","template":"","meta":{"footnotes":""},"class_list":["post-5","page","type-page","status-publish","hentry","entry"],"_links":{"self":[{"href":"https:\/\/www.soc-nord.dk\/index.php\/wp-json\/wp\/v2\/pages\/5","targetHints":{"allow":["GET"]}}],"collection":[{"href":"https:\/\/www.soc-nord.dk\/index.php\/wp-json\/wp\/v2\/pages"}],"about":[{"href":"https:\/\/www.soc-nord.dk\/index.php\/wp-json\/wp\/v2\/types\/page"}],"author":[{"embeddable":true,"href":"https:\/\/www.soc-nord.dk\/index.php\/wp-json\/wp\/v2\/users\/1"}],"replies":[{"embeddable":true,"href":"https:\/\/www.soc-nord.dk\/index.php\/wp-json\/wp\/v2\/comments?post=5"}],"version-history":[{"count":22,"href":"https:\/\/www.soc-nord.dk\/index.php\/wp-json\/wp\/v2\/pages\/5\/revisions"}],"predecessor-version":[{"id":90,"href":"https:\/\/www.soc-nord.dk\/index.php\/wp-json\/wp\/v2\/pages\/5\/revisions\/90"}],"wp:attachment":[{"href":"https:\/\/www.soc-nord.dk\/index.php\/wp-json\/wp\/v2\/media?parent=5"}],"curies":[{"name":"wp","href":"https:\/\/api.w.org\/{rel}","templated":true}]}}